{"id":2430,"date":"2021-06-17T16:50:58","date_gmt":"2021-06-17T19:50:58","guid":{"rendered":"https:\/\/speedbrake.com.br\/site\/?page_id=2430"},"modified":"2021-06-17T16:50:58","modified_gmt":"2021-06-17T19:50:58","slug":"catalogo-detalhes","status":"publish","type":"page","link":"https:\/\/speedbrake.com.br\/site\/catalogo-detalhes\/","title":{"rendered":"Cat\u00e1logo Detalhes"},"content":{"rendered":"\n      \n      <script src=\"https:\/\/catalogoexpresso.com.br\/ideia2001\/cw_public_components\/cw_public_components.polyfills.js\"><\/script>\n\n      <script src=\"https:\/\/catalogoexpresso.com.br\/ideia2001\/cw_public_components\/cw_public_components.ComboFiltros_DetalhesProduto.js\"><\/script>\n    \n      <link rel=\"stylesheet\" type=\"text\/css\" href=\"https:\/\/catalogoexpresso.com.br\/ideia2001\/cw_public_components\/autocomplete.css\" \/>\n    \n      <link rel=\"stylesheet\" type=\"text\/css\" href=\"https:\/\/catalogoexpresso.com.br\/speed-brake\/detalhes.css\" \/>\n      <script src=\"https:\/\/catalogoexpresso.com.br\/speed-brake\/detalhes.js\"><\/script>\n      \n      <div class=\"pagina-ideia\" id=\"pagina-ideia\">\n    <div class=\"header\">\n      <div class=\"container\">\n        <div class=\"row espacamentoTopo\">\n          <h1 class=\"col-xl-6 col-md-12 tituloCatWeb\">\n            CAT\u00c1LOGO DE PRODUTOS\n            <span>Busque por nossos produtos de forma r\u00e1pida e eficiente.<\/span>\n          <\/h1>\n          <a class=\"col-xl-6 col-12  ideiaLogo\" href=\"https:\/\/ideia2001.com.br\/\" target=\"_blank\" title=\"Ideia 2001 - Cat\u00e1logos Inteligentes\"><img alt=\"Ideia 2001\" src=\"https:\/\/catalogoexpresso.com.br\/speed-brake\/images\/logo-ideia.png\"><\/a>\n        <\/div>\n      <\/div>\n    \n      <section class=\"fundoCinza\">\n        <div class=\"container\">\n          <!--BOX LIGA E DESLIGA-->\n          <div class=\"row\">\n            <div class=\"col\"><\/div>\n            <div class=\"col-xl-auto col-md-12 col-xl-11 filtros\">\n              <div id=\"cw-campoconsulta-cpoauxprod9-1\">\n                <div class=\"interruptores Tam1 ideia-btn\" id=\"cw-opcao-cpoauxprod9-0\">\n                  <label class=\"switch\">\n                    <input type=\"checkbox\" id=\"cw-valor-opcao-cpoauxprod9-0\">\n                    <span class=\"slider round\"><\/span>\n                  <\/label>\n                  <h2 class=\"tituloFiltros\"><span>LINHA<\/span> Cer\u00e2mica<\/h2>\n                <\/div>\n              <\/div>\n      \n              <div id=\"cw-campoconsulta-tipoaplicacao-1\">\n                <div class=\"interruptores Tam1 ideia-btn\" id=\"cw-opcao-tipoaplicacao-0\">\n                  <label class=\"switch\">\n                    <input type=\"checkbox\" id=\"cw-valor-opcao-tipoaplicacao-0\">\n                    <span class=\"slider round\"><\/span>\n                  <\/label>\n                  <h2 class=\"tituloFiltros\"><span>LINHA<\/span> LEVE<\/h2>\n                <\/div>\n                <div class=\"interruptores Tam2 ideia-btn\" id=\"cw-opcao-tipoaplicacao-1\">\n                  <label class=\"switch\">\n                    <input type=\"checkbox\" id=\"cw-valor-opcao-tipoaplicacao-1\">\n                    <span class=\"slider round\"><\/span>\n                  <\/label>\n                  <h2 class=\"tituloFiltros\"><span>LINHA<\/span> UTILIT\u00c1RIO<\/h2>\n                <\/div>\n                <div class=\"interruptores Tam3 ideia-btn\" id=\"cw-opcao-tipoaplicacao-2\">\n                  <label class=\"switch\">\n                    <input type=\"checkbox\" id=\"cw-valor-opcao-tipoaplicacao-2\">\n                    <span class=\"slider round\"><\/span>\n                  <\/label>\n                  <h2 class=\"tituloFiltros\"><span>LINHA<\/span> PESADA<\/h2>\n                <\/div>\n                <div class=\"interruptores Tam3 ideia-btn\" id=\"cw-opcao-tipoaplicacao-3\">\n                  <label class=\"switch\">\n                    <input type=\"checkbox\" id=\"cw-valor-opcao-tipoaplicacao-3\">\n                    <span class=\"slider round\"><\/span>\n                  <\/label>\n                  <h2 class=\"tituloFiltros\"><span>LINHA<\/span> AGR\u00cdCOLA<\/h2>\n                <\/div>\n              <\/div>\n            <\/div>\n            <div class=\"col\"><\/div>\n          <\/div>\n          <!--FIM BOX LIGA E DESLIGA-->\n          <div class=\"row\">\n            <div class=\"col-md-4 col-12 camposDeBusca\">\n              <input type=\"text\" class=\"form-control\" placeholder=\"Informe a descri\u00e7\u00e3o, aplica\u00e7\u00e3o, c\u00f3digo do produto\" id=\"cw-campoconsulta-buscageral\">\n            <\/div>\n            <div class=\"col-md-4 col-12  camposDeBusca\">\n              <input type=\"text\" class=\"form-control\" placeholder=\"C\u00f3digo SpeedBrake\" id=\"cw-campoconsulta-numero-produto\">\n            <\/div>\n            <div class=\"col-md-4 col-12 camposDeBusca\">\n              <input type=\"text\" class=\"form-control\" placeholder=\"N\u00famero Original \/ Similar\" id=\"cw-campoconsulta-numero-produto-referencia\">\n            <\/div>\n          <\/div>\n          <div class=\"row Seletores\">\n            <div class=\"col-md-4 col-12\">\n              <div class=\"camposDeBuscaSelect\" id=\"cw-campoconsulta-fabricanteaplicacao-container\">\n                <span id=\"cw-campoconsulta-fabricanteaplicacao\">Montadora<\/span>\n                <div class=\"ideia-container-icones-filtros\">\n                  <i class=\"fas fa-times iconeDeLimpar\" style=\"display: none;\" id=\"cw-campoconsulta-fabricanteaplicacao-limpar\"><\/i>\n                  <i class=\"fas fa-caret-down setaDropDown\"><\/i>\n                <\/div>\n              <\/div>\n            <\/div>\n            <div class=\"col-md-4 col-12\">\n              <div class=\"camposDeBuscaSelect\" id=\"cw-campoconsulta-aplicacao-container\">\n                <span id=\"cw-campoconsulta-aplicacao\">Ve\u00edculo<\/span>\n                <div class=\"ideia-container-icones-filtros\">\n                  <i class=\"fas fa-times iconeDeLimpar\" style=\"display: none;\" id=\"cw-campoconsulta-aplicacao-limpar\"><\/i>\n                  <i class=\"fas fa-caret-down setaDropDown\"><\/i>\n                <\/div>\n              <\/div>\n            <\/div>\n            <div class=\"col-md-4 col-12\">\n              <div class=\"camposDeBuscaSelect\" id=\"cw-campoconsulta-complementoaplicacao2-container\">\n                <span id=\"cw-campoconsulta-complementoaplicacao2\">Ano<\/span>\n                <div class=\"ideia-container-icones-filtros\">\n                  <i class=\"fas fa-times iconeDeLimpar\" style=\"display: none;\" id=\"cw-campoconsulta-complementoaplicacao2-limpar\"><\/i>\n                  <i class=\"fas fa-caret-down setaDropDown\"><\/i>\n                <\/div>\n              <\/div>\n            <\/div>\n          <\/div>\n          <div class=\"row pb-3\">\n            <div class=\"col-xl-12 col-md-12 col-12 text-right btsLanc\">\n              <button id=\"cw-botao-limpar-0\" type=\"button\" class=\"limpar\">\n                Limpar campos\n              <\/button>\n              <a id=\"cw-botaoconsulta-0\" type=\"button\" class=\"buscar\" href=\"\/site\/catalogo-resultado\/?cw_ie_tp=0\">\n                BUSCAR\n              <\/a>\n            <\/div>\n          <\/div>\n        <\/div>\n      <\/section><\/div>\n    <section id=\"cw-detalhes-produto\" style=\"display: none;\" cw_server_rendered_DetalhesProduto=\"1\">\n      <div class=\"container\">\n        <div class=\"row\">\n          <nav class=\"col-12 mb-4\" aria-label=\"breadcrumb\">\n            <ol class=\"caminhoDePao\">\n              <li class=\"breadcrumb-itemPao\"><a href=\"\/site\/catalogo-speed-brake\/\">Cat\u00e1logo de produtos<\/a><\/li>\n              <li class=\"breadcrumb-itemPao\"><a href=\"\/site\/catalogo-resultado\/\">Resultado da busca<\/a><\/li>\n              <li class=\"breadcrumb-itemPao active\">Detalhes do produto<\/li>\n            <\/ol>\n          <\/nav>\n        <\/div>\n        <div class=\"row\" style=\"margin-left: 0; margin-right: 0;\">\n          <div class=\"col-xl-5 col-md-6 col-12 container-info-produto-scroll\" style=\"margin-right: 20px;\">\n            <div class=\"boxProdutoDetalheAplic\">\n              <figure>\n                <img id=\"cw-detalhes-produto-arquivo-foto-produto\" style=\"transform:translate(0px);\" src=\"\">\n              <\/figure>\n              <div class=\"boxImagensSelect\" id=\"box-imagens-select\">\n                <div class=\"container-seleciona-foto ativo ideia-container-seleciona-foto-miniatura cw-sem-conteudo\" id=\"cw-detalhes-produto-container-arquivo-foto-produto1\" style=\"display: none;\">\n                  <img class=\"seleciona-foto\" id=\"cw-detalhes-produto-arquivo-foto-produto1\" src=\"\">\n                <\/div>\n                <div class=\"container-seleciona-foto ativo ideia-container-seleciona-foto-miniatura cw-sem-conteudo\" id=\"cw-detalhes-produto-container-arquivo-foto-produto2\" style=\"display: none;\">\n                  <img class=\"seleciona-foto\" id=\"cw-detalhes-produto-arquivo-foto-produto2\" src=\"\">\n                <\/div>\n                <div class=\"container-seleciona-foto ativo ideia-container-seleciona-foto-miniatura cw-sem-conteudo\" id=\"cw-detalhes-produto-container-arquivo-foto-produto3\" style=\"display: none;\">\n                  <img class=\"seleciona-foto\" id=\"cw-detalhes-produto-arquivo-foto-produto3\" src=\"\">\n                <\/div>\n              <\/div>\n              <div class=\"codDoProdutoDetalhe\">\n                <div class=\"container-numero-produto\">\n                  <span id=\"cw-detalhes-produto-numero\"><\/span>\n                <\/div>\n                <div class=\"container-flags\">\n                  <img class=\"tagPromocao cw-sem-conteudo\" alt=\"promocao\" src=\"https:\/\/catalogoexpresso.com.br\/speed-brake\/images\/novas-aplicSpeed.svg\" id=\"cw-container-flagpromocao\" style=\"display: none;\" title=\"\">\n                  <img class=\"tagLancamento cw-sem-conteudo\" alt=\"lancamento\" src=\"https:\/\/catalogoexpresso.com.br\/speed-brake\/images\/lan\u00e7.svg\" id=\"cw-container-flaglancamento\" style=\"display: none;\" title=\"\">\n                  <img class=\"tagPontaestoque cw-sem-conteudo\" alt=\"pontaestoque\" src=\"https:\/\/catalogoexpresso.com.br\/speed-brake\/images\/pre-lancSpeed.svg\" id=\"cw-container-flagpontaestoque\" style=\"display: none;\" title=\"\">\n                <\/div>\n              <\/div>\n              <div class=\"descricaoDetalhes\">\n                <h2 id=\"cw-detalhes-produto-descricao-produto\"><\/h2>\n              <\/div>\n            <\/div>\n          <\/div>\n          <div class=\"col-xl-4 col-md col-12 container-info-produto-scroll container-especificacao\">\n            <div class=\"boxProdutoDetalheAplic\">\n              <div class=\"especificacoesTecnicas\">\n                <h2>ESPECIFICA\u00c7\u00d5ES<\/h2>\n\n                <div style=\"display: none;\" id=\"container-especificacoes-tecnicas-sem-informacoes\">\n                  <span>Nenhum dado dispon\u00edvel.<\/span>\n                <\/div>\n\n                <div id=\"container-especificacoes-tecnicas-observacao\" style=\"display: none;\">\n                  <span id=\"cw-detalhes-produto-container-cpoauxprod1\" class=\"cw-sem-conteudo\" style=\"display: none;\">\n                    <strong>Disco:<\/strong> <span id=\"cw-detalhes-produto-cpoauxprod1\"><\/span>\n                  <\/span>\n                  <span id=\"cw-detalhes-produto-container-cpoauxprod2\" class=\"cw-sem-conteudo\" style=\"display: none;\">\n                    <strong>Alarme:<\/strong> <span id=\"cw-detalhes-produto-cpoauxprod2\"><\/span>\n                  <\/span>\n                  <span id=\"cw-detalhes-produto-container-cpoauxprod3\" class=\"cw-sem-conteudo\" style=\"display: none;\">\n                    <strong>Medida da Pastilha:<\/strong> <span id=\"cw-detalhes-produto-cpoauxprod3\"><\/span>\n                  <\/span>\n                  <span id=\"cw-detalhes-produto-container-cpoauxprod4\" class=\"cw-sem-conteudo\" style=\"display: none;\">\n                    <strong>Placa Antirru\u00eddo:<\/strong> <span id=\"cw-detalhes-produto-cpoauxprod4\"><\/span>\n                  <\/span>\n                  <span id=\"cw-detalhes-produto-container-observacao\" class=\"cw-sem-conteudo\" style=\"display: none;\">\n                    <strong>Observa\u00e7\u00e3o:<\/strong> <span id=\"cw-detalhes-produto-observacao\"><\/span>\n                  <\/span>\n\n                  <div style=\"margin-top: 20px;\">\n                    <span id=\"cw-detalhes-produto-container-cpoauxprod5\" class=\"cw-sem-conteudo\" style=\"display: none;\">\n                      <strong>C\u00f3digo de Barras:<\/strong> <span id=\"cw-detalhes-produto-cpoauxprod5\"><\/span>\n                    <\/span>\n                    <span id=\"cw-detalhes-produto-container-cpoauxprod6\" class=\"cw-sem-conteudo\" style=\"display: none;\">\n                      <strong>NCM:<\/strong> <span id=\"cw-detalhes-produto-cpoauxprod6\"><\/span>\n                    <\/span>\n                    <span id=\"cw-detalhes-produto-container-cpoauxprod7\" class=\"cw-sem-conteudo\" style=\"display: none;\">\n                      <strong>Peso:<\/strong> <span id=\"cw-detalhes-produto-cpoauxprod7\"><\/span>\n                    <\/span>\n                    <span id=\"cw-detalhes-produto-container-cpoauxprod9\" class=\"cw-sem-conteudo\" style=\"display: none;\">\n                      <strong>Material:<\/strong> <span id=\"cw-detalhes-produto-cpoauxprod9\"><\/span>\n                    <\/span>\n                  <\/div>\n                <\/div>\n              <\/div>\n            <\/div>\n          <\/div>\n          <div class=\"col-xl col-md-12 col-12 container-numero-original cw-sem-conteudo\" id=\"cw-detalhes-produto-container-numero-referencia\" style=\"display: none;\">\n            <div class=\"boxProdutoDetalheAplic boxProdutoDetalheSimilar\">\n              <div class=\"nOrinalSimilar\">\n                <span>N\u00ba ORIGINAL | SIMILAR<\/span>\n                <div class=\"container-numero-original-scroll\">\n                  <table class=\"table tabelaDescricao tabelaOriginalSimilar\">\n                    <tbody id=\"cw-detalhes-produtos-numero-referencia\">\n                      <tr>\n                        <td class=\"montadoraOriginal\" id=\"cw-detalhes-produtos-descricao-fabricante-referencia\"><\/td>\n                      <\/tr>\n                      <tr id=\"cw-detalhes-produto-lista-referencia\" class=\"linha-numero-referencia\">\n                        <td id=\"cw-detalhes-produto-numero-referencia\"><\/td>\n                      <\/tr>\n                    <\/tbody>\n                  <\/table>\n                <\/div>\n              <\/div>\n            <\/div>\n          <\/div>\n        <\/div>\n        <div class=\"row cw-sem-conteudo\" id=\"cw-container-fabricante-aplicacao-produto\" style=\"display: none;\">\n          <div class=\"col-xl-12 col-12\">\n            <div class=\"boxProdutoDetalheAplicTab\">\n              <span>APLICA\u00c7\u00c3O<\/span>\n              <table class=\"table tabelaDescricao tabelaAplicacao\" id=\"cw-fabricante-aplicacao\" style=\"display: none;\">\n                <thead>\n                  <tr style=\"line-height: 47px;\">\n                    <th width=\"40%\" height=\"34\" class=\"montadoraResultado\" scope=\"col\" id=\"cw-descricao-fabricante-aplicacao\"><\/th>\n                    <th class=\"anoResultado\" scope=\"col\">\n                      <div class=\"conteudo-table\" id=\"cw-coluna-complementoaplicacao2\">\n                        ANO\n                      <\/div>\n                    <\/th>\n                    <th class=\"anoResultado\" scope=\"col\">\n                      <div class=\"conteudo-table\" id=\"cw-coluna-complementoaplicacao3_1\">\n                        EIXO\n                      <\/div>\n                    <\/th>\n                    <th class=\"anoResultado\" scope=\"col\">\n                      <div class=\"conteudo-table\" id=\"cw-coluna-complementoaplicacao3_2\">\n                        SISTEMA\n                      <\/div>\n                    <\/th>\n                    <th class=\"anoResultado\" scope=\"col\">\n                      <div class=\"conteudo-table\" id=\"cw-coluna-complementoaplicacao3_3\">\n                        ALARME\n                      <\/div>\n                    <\/th>\n                  <\/tr>\n                <\/thead>\n                <tbody>\n                  <tr height=\"40\" id=\"cw-aplicacao\" style=\"display: none;\" class=\"linha-aplicacao\">\n                    <td class=\"descricaoAplicacao\" id=\"cw-descricao-aplicacao\"><\/td>\n                    <td class=\"anoRight\">\n                      <div class=\"conteudo-table\" id=\"cw-complementoaplicacao2\" style=\"display: none;\"><\/div>\n                      <div class=\"conteudo-table\" id=\"cw-complementoaplicacao2-indisponivel\">-<\/div>\n                    <\/td>\n                    <td class=\"anoRight\">\n                      <div class=\"conteudo-table\" id=\"cw-complementoaplicacao3_1\" style=\"display: none;\"><\/div>\n                      <div class=\"conteudo-table\" id=\"cw-complementoaplicacao3_1-indisponivel\">-<\/div>\n                    <\/td>\n                    <td class=\"anoRight\">\n                      <div class=\"conteudo-table\" id=\"cw-complementoaplicacao3_2\" style=\"display: none;\"><\/div>\n                      <div class=\"conteudo-table\" id=\"cw-complementoaplicacao3_2-indisponivel\">-<\/div>\n                    <\/td>\n                    <td class=\"anoRight\">\n                      <div class=\"conteudo-table\" id=\"cw-complementoaplicacao3_3\" style=\"display: none;\"><\/div>\n                      <div class=\"conteudo-table\" id=\"cw-complementoaplicacao3_3-indisponivel\">-<\/div>\n                    <\/td>\n                  <\/tr>\n                <\/tbody>\n              <\/table>\n            <\/div>\n          <\/div>\n        <\/div>\n      <\/div>\n    <\/section>\n\n    <!-- DESTAQUES CATEGORIAS - RODAPE-->\n    <section class=\"footer miolo\">\n      <div class=\"container\">\n        <div class=\"row\">\n          <h1 class=\"col-12 tituloHomeLancamentos mb-4\">Navegue por nossas Linhas de Produtos<\/h1>\n          <div class=\"botao-filtro-footer col-xl-3 col-md-3 col-sm-12 col-12\">\n            <a class=\"boxHomeGrupos ideia-btn\" id=\"cw-botao-material-ceramica\" style=\"\" href=\"\/site\/catalogo-resultado\/?cw_filtros=cpoauxprod9%3C!2!%3ECer%C3%A2mica&amp;cw_ie_tp=1\">\n              <img src=\"https:\/\/catalogoexpresso.com.br\/speed-brake\/images\/pt\/fundoLinhaCeramica.png\" alt=\"Cer\u00e2mica\">\n            <\/a>\n          <\/div>\n          <div class=\"botao-filtro-footer col-xl-3 col-md-3 col-sm-12 col-12\">\n            <a class=\"boxHomeGrupos ideia-btn\" id=\"cw-botao-tipoaplicacao-leve\" style=\"\" href=\"\/site\/catalogo-resultado\/?cw_filtros=codTIPOAPLICACAO%3C!2!%3E1%3C!1!%3ETIPOAPLICACAO%3C!2!%3ELINHA%20LEVE&amp;cw_ie_tp=1\">\n              <img src=\"https:\/\/catalogoexpresso.com.br\/speed-brake\/images\/pt\/fundoLinhas.png\" alt=\"Linha Leve\">\n            <\/a>\n          <\/div>\n          <div class=\"botao-filtro-footer col-xl-3 col-md-3 col-sm-12 col-12\">\n            <a class=\"boxHomeGrupos ideia-btn\" id=\"cw-botao-tipoaplicacao-van\" style=\"\" href=\"\/site\/catalogo-resultado\/?cw_filtros=codTIPOAPLICACAO%3C!2!%3E2%3C!1!%3ETIPOAPLICACAO%3C!2!%3ELINHA%20UTILIT%C3%81RIOS&amp;cw_ie_tp=1\">\n              <img src=\"https:\/\/catalogoexpresso.com.br\/speed-brake\/images\/pt\/fundoLinhas2.png\" alt=\"Linha Utilit\u00e1rios\">\n            <\/a>\n          <\/div>\n          <div class=\"botao-filtro-footer col-xl-3 col-md-3 col-sm-12 col-12\">\n            <a class=\"boxHomeGrupos ideia-btn\" id=\"cw-botao-tipoaplicacao-pesada\" style=\"\" href=\"\/site\/catalogo-resultado\/?cw_filtros=codTIPOAPLICACAO%3C!2!%3E3%3C!1!%3ETIPOAPLICACAO%3C!2!%3ELINHA%20PESADA&amp;cw_ie_tp=1\">\n              <img src=\"https:\/\/catalogoexpresso.com.br\/speed-brake\/images\/pt\/fundoLinhas3.png\" alt=\"Linha pesada\">\n            <\/a>\n          <\/div>\n          <div class=\"botao-filtro-footer col-xl-3 col-md-3 col-sm-12 col-12\">\n            <a class=\"boxHomeGrupos ideia-btn\" id=\"cw-botao-tipoaplicacao-agricola\" style=\"\" href=\"\/site\/catalogo-resultado\/?cw_filtros=codTIPOAPLICACAO%3C!2!%3E4%3C!1!%3ETIPOAPLICACAO%3C!2!%3ELINHA%20AGR%C3%8DCOLA&amp;cw_ie_tp=1\">\n              <img src=\"https:\/\/catalogoexpresso.com.br\/speed-brake\/images\/pt\/fundoLinhas4.png\" alt=\"Linha Agr\u00edcola\">\n            <\/a>\n          <\/div>\n        <\/div>\n      <\/div>\n    <\/section>\n    <!--FIM DESTAQUES CATEGORIAS - RODAPE-->\n    <!--DOWNLOADS RODAPE-->\n    <section class=\"downloadsRodape\">\n      <div class=\"container\">\n        <div class=\"row mt-4 mb-4\">\n          <div class=\"col-xl-4 col-md-4 col-12 text-center\">\n            <a href=\"https:\/\/ideia2001.com.br\/CatExp\/ABAAV\/InstalarCatalogoSpeedBrake.exe\" target=\"_blank\" class=\"imagensParaDownload\">\n              <img src=\"https:\/\/catalogoexpresso.com.br\/speed-brake\/images\/pt\/dowload-catalogo-eletronic.png\" alt=\"Baixe o nosso\n                cat\u00e1logo eletronico\">\n            <\/a>\n          <\/div>\n          <div class=\"col-xl-4 col-md-4 col-12 text-center\">\n            <a href=\"http:\/\/www.speedbrake.com.br\/pdf\/cat_speed_brake_2019-lowres.pdf\" target=\"_blank\" class=\"imagensParaDownload\">\n              <img src=\"https:\/\/catalogoexpresso.com.br\/speed-brake\/images\/pt\/dowload-pdf.png\" alt=\"Baixe nosso cat\u00e1logo em\n                pdf\">\n            <\/a>\n          <\/div>\n          <div class=\"col-xl-4 col-md-4 col-12 text-center\">\n            <img src=\"https:\/\/catalogoexpresso.com.br\/speed-brake\/images\/pt\/texto-lojas.png\" alt=\"Baixe nosso app\">\n            <a href=\"https:\/\/play.google.com\/store\/apps\/details?id=br.com.ideia2001.CatalogoSpeedBrake\" target=\"_blank\" class=\"imagensParaDownload\">\n              <img src=\"https:\/\/catalogoexpresso.com.br\/speed-brake\/images\/google-play.png\" alt=\"Baixe nosso app\">\n            <\/a>\n            <a href=\"https:\/\/apps.apple.com\/br\/app\/speedbrake\/id1437455317\" target=\"_blank\" class=\"imagensParaDownload\">\n              <img src=\"https:\/\/catalogoexpresso.com.br\/speed-brake\/images\/app-store.png\" alt=\"Baixe nosso app\">\n            <\/a>\n          <\/div>\n        <\/div>\n      <\/div>\n    <\/section>\n    <!--FIM DOWNLOADS RODAPE-->\n    <!--RODAPE MOBILE IDEIA-->\n    <section class=\"FaixaVermelha\">\n      <a href=\"https:\/\/ideia2001.com.br\/\" target=\"_blank\" title=\"Ideia 2001 - Cat\u00e1logos Inteligentes\">\n        <img src=\"https:\/\/catalogoexpresso.com.br\/speed-brake\/images\/logo-ideia-mobile.png\" alt=\"Ideia 2001 - Aplicativos\">\n      <\/a>\n    <\/section>  <\/div>\n    \n","protected":false},"excerpt":{"rendered":"","protected":false},"author":1,"featured_media":0,"parent":0,"menu_order":0,"comment_status":"closed","ping_status":"closed","template":"","meta":[],"_links":{"self":[{"href":"https:\/\/speedbrake.com.br\/site\/wp-json\/wp\/v2\/pages\/2430"}],"collection":[{"href":"https:\/\/speedbrake.com.br\/site\/wp-json\/wp\/v2\/pages"}],"about":[{"href":"https:\/\/speedbrake.com.br\/site\/wp-json\/wp\/v2\/types\/page"}],"author":[{"embeddable":true,"href":"https:\/\/speedbrake.com.br\/site\/wp-json\/wp\/v2\/users\/1"}],"replies":[{"embeddable":true,"href":"https:\/\/speedbrake.com.br\/site\/wp-json\/wp\/v2\/comments?post=2430"}],"version-history":[{"count":1,"href":"https:\/\/speedbrake.com.br\/site\/wp-json\/wp\/v2\/pages\/2430\/revisions"}],"predecessor-version":[{"id":2431,"href":"https:\/\/speedbrake.com.br\/site\/wp-json\/wp\/v2\/pages\/2430\/revisions\/2431"}],"wp:attachment":[{"href":"https:\/\/speedbrake.com.br\/site\/wp-json\/wp\/v2\/media?parent=2430"}],"curies":[{"name":"wp","href":"https:\/\/api.w.org\/{rel}","templated":true}]}}